{"id":3009,"date":"2025-11-14T14:14:16","date_gmt":"2025-11-14T13:14:16","guid":{"rendered":"https:\/\/www.eyako.fr\/?page_id=3009"},"modified":"2025-11-14T16:42:07","modified_gmt":"2025-11-14T15:42:07","slug":"etude-de-cas-vendee-habitat","status":"publish","type":"page","link":"https:\/\/www.eyako.fr\/index.php\/etude-de-cas-vendee-habitat\/","title":{"rendered":"Etude de cas Vendee Habitat"},"content":{"rendered":"\t\t<div data-elementor-type=\"wp-page\" data-elementor-id=\"3009\" class=\"elementor elementor-3009\">\n\t\t\t\t\t\t<section class=\"elementor-section elementor-top-section elementor-element elementor-element-b9f7a9f elementor-section-boxed elementor-section-height-default elementor-section-height-default\" data-id=\"b9f7a9f\" data-element_type=\"section\" data-e-type=\"section\">\n\t\t\t\t\t\t<div class=\"elementor-container elementor-column-gap-default\">\n\t\t\t\t\t<div class=\"elementor-column elementor-col-100 elementor-top-column elementor-element elementor-element-f56f03d\" data-id=\"f56f03d\" data-element_type=\"column\" data-e-type=\"column\">\n\t\t\t<div class=\"elementor-widget-wrap elementor-element-populated\">\n\t\t\t\t\t\t<div class=\"elementor-element elementor-element-e2e7f35 elementor-widget elementor-widget-heading\" data-id=\"e2e7f35\" data-element_type=\"widget\" data-e-type=\"widget\" data-widget_type=\"heading.default\">\n\t\t\t\t<div class=\"elementor-widget-container\">\n\t\t\t\t\t<h2 class=\"elementor-heading-title elementor-size-default\">T\u00e9moignage Client :  Vend\u00e9e Habitat<\/h2>\t\t\t\t<\/div>\n\t\t\t\t<\/div>\n\t\t\t\t\t<\/div>\n\t\t<\/div>\n\t\t\t\t\t<\/div>\n\t\t<\/section>\n\t\t\t\t<section class=\"elementor-section elementor-top-section elementor-element elementor-element-9166f1d elementor-section-boxed elementor-section-height-default elementor-section-height-default\" data-id=\"9166f1d\" data-element_type=\"section\" data-e-type=\"section\">\n\t\t\t\t\t\t<div class=\"elementor-container elementor-column-gap-default\">\n\t\t\t\t\t<div class=\"elementor-column elementor-col-100 elementor-top-column elementor-element elementor-element-7e96f8e\" data-id=\"7e96f8e\" data-element_type=\"column\" data-e-type=\"column\">\n\t\t\t<div class=\"elementor-widget-wrap elementor-element-populated\">\n\t\t\t\t\t\t<div class=\"elementor-element elementor-element-dfa6e46 elementor-widget elementor-widget-image\" data-id=\"dfa6e46\" data-element_type=\"widget\" data-e-type=\"widget\" data-widget_type=\"image.default\">\n\t\t\t\t<div class=\"elementor-widget-container\">\n\t\t\t\t\t\t\t\t\t\t\t\t\t\t\t<img fetchpriority=\"high\" decoding=\"async\" width=\"300\" height=\"169\" src=\"https:\/\/www.eyako.fr\/wp-content\/uploads\/2025\/11\/logoVH-300x169.png\" class=\"attachment-medium size-medium wp-image-2975\" alt=\"\" srcset=\"https:\/\/www.eyako.fr\/wp-content\/uploads\/2025\/11\/logoVH-300x169.png 300w, https:\/\/www.eyako.fr\/wp-content\/uploads\/2025\/11\/logoVH-1024x577.png 1024w, https:\/\/www.eyako.fr\/wp-content\/uploads\/2025\/11\/logoVH-768x433.png 768w, https:\/\/www.eyako.fr\/wp-content\/uploads\/2025\/11\/logoVH.png 1504w\" sizes=\"(max-width: 300px) 100vw, 300px\" \/>\t\t\t\t\t\t\t\t\t\t\t\t\t\t\t<\/div>\n\t\t\t\t<\/div>\n\t\t\t\t\t<\/div>\n\t\t<\/div>\n\t\t\t\t\t<\/div>\n\t\t<\/section>\n\t\t\t\t<section class=\"elementor-section elementor-top-section elementor-element elementor-element-3def900 elementor-section-boxed elementor-section-height-default elementor-section-height-default\" data-id=\"3def900\" data-element_type=\"section\" data-e-type=\"section\">\n\t\t\t\t\t\t<div class=\"elementor-container elementor-column-gap-default\">\n\t\t\t\t\t<div class=\"elementor-column elementor-col-100 elementor-top-column elementor-element elementor-element-6865336\" data-id=\"6865336\" data-element_type=\"column\" data-e-type=\"column\">\n\t\t\t<div class=\"elementor-widget-wrap elementor-element-populated\">\n\t\t\t\t\t\t<div class=\"elementor-element elementor-element-ac8425f elementor-icon-list--layout-inline elementor-list-item-link-full_width elementor-widget elementor-widget-icon-list\" data-id=\"ac8425f\" data-element_type=\"widget\" data-e-type=\"widget\" data-widget_type=\"icon-list.default\">\n\t\t\t\t<div class=\"elementor-widget-container\">\n\t\t\t\t\t\t\t<ul class=\"elementor-icon-list-items elementor-inline-items\">\n\t\t\t\t\t\t\t<li class=\"elementor-icon-list-item elementor-inline-item\">\n\t\t\t\t\t\t\t\t\t\t\t<span class=\"elementor-icon-list-icon\">\n\t\t\t\t\t\t\t<i aria-hidden=\"true\" class=\"fas fa-user-tie\"><\/i>\t\t\t\t\t\t<\/span>\n\t\t\t\t\t\t\t\t\t\t<span class=\"elementor-icon-list-text\">Patrice Lambert - Responsable S\u00e9curit\u00e9 des Syst\u00e8mes d'Information<\/span>\n\t\t\t\t\t\t\t\t\t<\/li>\n\t\t\t\t\t\t<\/ul>\n\t\t\t\t\t\t<\/div>\n\t\t\t\t<\/div>\n\t\t\t\t<div class=\"elementor-element elementor-element-032e738 elementor-widget elementor-widget-text-editor\" data-id=\"032e738\" data-element_type=\"widget\" data-e-type=\"widget\" data-widget_type=\"text-editor.default\">\n\t\t\t\t<div class=\"elementor-widget-container\">\n\t\t\t\t\t\t\t\t\t<h3><strong>Le D\u00e9fi : Prot\u00e9ger 18 000 logements et leurs locataires<\/strong><\/h3><p>En tant qu&rsquo;acteur majeur du logement social g\u00e9rant environ <strong>18 000 unit\u00e9s de logement<\/strong>, la priorit\u00e9 absolue de Vend\u00e9e Habitat est claire : <strong>prot\u00e9ger les donn\u00e9es sensibles de ses locataires<\/strong>.<\/p><p>Pour Patrice, RSSI depuis pr\u00e8s de trois ans, le d\u00e9fi est de structurer, piloter et justifier les efforts de cybers\u00e9curit\u00e9 dans un environnement complexe. C&rsquo;est dans ce contexte qu&rsquo;il a d\u00e9couvert Eyako lors du <strong>FIC 2023 \u00e0 Lille<\/strong>.<\/p><h4>\u00ab\u00a0<em>J&rsquo;ai \u00e9t\u00e9 imm\u00e9diatement impressionn\u00e9 par la simplicit\u00e9 et l&rsquo;ergonomie du produit lors de la pr\u00e9sentation.\u00a0\u00bb<\/em> &#8211; Patrice Lambert, RSSI Vend\u00e9e Habitat<\/h4><p>Apr\u00e8s avoir choisi l&rsquo;ensemble de nos modules pour obtenir une vue d&rsquo;ensemble compl\u00e8te, la mise en \u0153uvre en mode SaaS a \u00e9t\u00e9 rapide, suivie d&rsquo;une adoption progressive par l&rsquo;\u00e9quipe.<\/p><p>\u00a0<\/p><h3><strong>Eyako en action : D&rsquo;un outil \u00e0 un copilote de la s\u00e9curit\u00e9<\/strong><\/h3><p>Patrice nous a confi\u00e9, avant Eyako, consacrer <strong>plus de deux jours complets par semaine<\/strong> aux t\u00e2ches li\u00e9es au pilotage de la s\u00e9curit\u00e9. Mais que fait-il exactement ?<\/p><ul><li><strong>Pilotage des contr\u00f4les<\/strong> et de la conformit\u00e9.<\/li><li><strong>Gestion de la s\u00e9curit\u00e9 des fournisseurs.<\/strong><\/li><li><strong>Suivi des plans d&rsquo;action<\/strong>.<\/li><li><strong>Cartographie des actifs<\/strong> <strong>et des risques associ\u00e9s.<\/strong><\/li><\/ul><p>Gr\u00e2ce \u00e0 Eyako, ce temps a \u00e9t\u00e9 r\u00e9duit de moiti\u00e9. Fini le temps perdu \u00e0 trier des tableurs ; place \u00e0 l&rsquo;action cibl\u00e9e.<\/p><p>\u00a0<\/p><h3><strong>Les B\u00e9n\u00e9fices Cl\u00e9s : Ce qui a chang\u00e9 pour Vend\u00e9e Habitat<\/strong><\/h3><p>Les conclusions de Patrice sur son utilisation d&rsquo;Eyako sont les meilleures r\u00e9compenses pour notre \u00e9quipe. Voici ce qu&rsquo;il a mis en avant :<\/p><ul><li><strong>Gain de temps significatif :<\/strong> L&rsquo;automatisation et la centralisation lib\u00e8rent du temps pour des t\u00e2ches \u00e0 plus forte valeur ajout\u00e9e.<\/li><li><strong>Visibilit\u00e9 et clart\u00e9 :<\/strong> Eyako offre un tableau de bord en temps r\u00e9el des initiatives de s\u00e9curit\u00e9, rempla\u00e7ant le \u00ab\u00a0brouillard\u00a0\u00bb par des faits.<\/li><li><strong>Reporting facilit\u00e9 :<\/strong> La communication avec la direction g\u00e9n\u00e9rale est plus claire, plus factuelle et moins chronophage \u00e0 pr\u00e9parer.<\/li><li><strong>Organisation am\u00e9lior\u00e9e :<\/strong> La plateforme sert de \u00ab\u00a0tour de contr\u00f4le\u00a0\u00bb pour l&rsquo;ensemble des efforts de cybers\u00e9curit\u00e9.<\/li><\/ul>\t\t\t\t\t\t\t\t<\/div>\n\t\t\t\t<\/div>\n\t\t\t\t\t<\/div>\n\t\t<\/div>\n\t\t\t\t\t<\/div>\n\t\t<\/section>\n\t\t\t\t<section class=\"elementor-section elementor-top-section elementor-element elementor-element-5bf4281 elementor-section-boxed elementor-section-height-default elementor-section-height-default\" data-id=\"5bf4281\" data-element_type=\"section\" data-e-type=\"section\" data-settings=\"{&quot;background_background&quot;:&quot;classic&quot;}\">\n\t\t\t\t\t\t<div class=\"elementor-container elementor-column-gap-default\">\n\t\t\t\t\t<div class=\"elementor-column elementor-col-100 elementor-top-column elementor-element elementor-element-ba0d6fc\" data-id=\"ba0d6fc\" data-element_type=\"column\" data-e-type=\"column\">\n\t\t\t<div class=\"elementor-widget-wrap elementor-element-populated\">\n\t\t\t\t\t\t<div class=\"elementor-element elementor-element-d16c766 elementor-shape-rounded elementor-grid-0 e-grid-align-center elementor-widget elementor-widget-social-icons\" data-id=\"d16c766\" data-element_type=\"widget\" data-e-type=\"widget\" data-widget_type=\"social-icons.default\">\n\t\t\t\t<div class=\"elementor-widget-container\">\n\t\t\t\t\t\t\t<div class=\"elementor-social-icons-wrapper elementor-grid\" role=\"list\">\n\t\t\t\t\t\t\t<span class=\"elementor-grid-item\" role=\"listitem\">\n\t\t\t\t\t<a class=\"elementor-icon elementor-social-icon elementor-social-icon-facebook elementor-repeater-item-af9975c\" href=\"https:\/\/www.facebook.com\/eyakoSec\/?locale=fr_FR\" target=\"_blank\">\n\t\t\t\t\t\t<span class=\"elementor-screen-only\">Facebook<\/span>\n\t\t\t\t\t\t<i aria-hidden=\"true\" class=\"fab fa-facebook\"><\/i>\t\t\t\t\t<\/a>\n\t\t\t\t<\/span>\n\t\t\t\t\t\t\t<span class=\"elementor-grid-item\" role=\"listitem\">\n\t\t\t\t\t<a class=\"elementor-icon elementor-social-icon elementor-social-icon-linkedin elementor-repeater-item-e977b86\" href=\"https:\/\/re.linkedin.com\/company\/eyako\" target=\"_blank\">\n\t\t\t\t\t\t<span class=\"elementor-screen-only\">Linkedin<\/span>\n\t\t\t\t\t\t<i aria-hidden=\"true\" class=\"fab fa-linkedin\"><\/i>\t\t\t\t\t<\/a>\n\t\t\t\t<\/span>\n\t\t\t\t\t<\/div>\n\t\t\t\t\t\t<\/div>\n\t\t\t\t<\/div>\n\t\t\t\t\t<\/div>\n\t\t<\/div>\n\t\t\t\t\t<\/div>\n\t\t<\/section>\n\t\t\t\t<\/div>\n\t\t","protected":false},"excerpt":{"rendered":"<p>T\u00e9moignage Client : Vend\u00e9e Habitat Patrice Lambert &#8211; Responsable S\u00e9curit\u00e9 des Syst\u00e8mes d&rsquo;Information Le D\u00e9fi : Prot\u00e9ger 18 000 logements et leurs locataires En tant qu&rsquo;acteur majeur du logement social g\u00e9rant environ 18 000 unit\u00e9s de logement, la priorit\u00e9 absolue de Vend\u00e9e Habitat est claire : prot\u00e9ger les donn\u00e9es sensibles de ses locataires. Pour Patrice, [&hellip;]<\/p>\n","protected":false},"author":1,"featured_media":0,"parent":0,"menu_order":0,"comment_status":"closed","ping_status":"closed","template":"","meta":{"_eb_attr":"","content-type":"","site-sidebar-layout":"no-sidebar","site-content-layout":"page-builder","ast-site-content-layout":"full-width-container","site-content-style":"unboxed","site-sidebar-style":"unboxed","ast-global-header-display":"","ast-banner-title-visibility":"","ast-main-header-display":"","ast-hfb-above-header-display":"","ast-hfb-below-header-display":"","ast-hfb-mobile-header-display":"","site-post-title":"","ast-breadcrumbs-content":"","ast-featured-img":"disabled","footer-sml-layout":"","ast-disable-related-posts":"","theme-transparent-header-meta":"","adv-header-id-meta":"","stick-header-meta":"","header-above-stick-meta":"","header-main-stick-meta":"","header-below-stick-meta":"","astra-migrate-meta-layouts":"set","ast-page-background-enabled":"default","ast-page-background-meta":{"desktop":{"background-color":"","background-image":"","background-repeat":"repeat","background-position":"center center","background-size":"auto","background-attachment":"scroll","background-type":"","background-media":"","overlay-type":"","overlay-color":"","overlay-opacity":"","overlay-gradient":""},"tablet":{"background-color":"","background-image":"","background-repeat":"repeat","background-position":"center center","background-size":"auto","background-attachment":"scroll","background-type":"","background-media":"","overlay-type":"","overlay-color":"","overlay-opacity":"","overlay-gradient":""},"mobile":{"background-color":"","background-image":"","background-repeat":"repeat","background-position":"center center","background-size":"auto","background-attachment":"scroll","background-type":"","background-media":"","overlay-type":"","overlay-color":"","overlay-opacity":"","overlay-gradient":""}},"ast-content-background-meta":{"desktop":{"background-color":"var(--ast-global-color-5)","background-image":"","background-repeat":"repeat","background-position":"center center","background-size":"auto","background-attachment":"scroll","background-type":"","background-media":"","overlay-type":"","overlay-color":"","overlay-opacity":"","overlay-gradient":""},"tablet":{"background-color":"var(--ast-global-color-5)","background-image":"","background-repeat":"repeat","background-position":"center center","background-size":"auto","background-attachment":"scroll","background-type":"","background-media":"","overlay-type":"","overlay-color":"","overlay-opacity":"","overlay-gradient":""},"mobile":{"background-color":"var(--ast-global-color-5)","background-image":"","background-repeat":"repeat","background-position":"center center","background-size":"auto","background-attachment":"scroll","background-type":"","background-media":"","overlay-type":"","overlay-color":"","overlay-opacity":"","overlay-gradient":""}},"footnotes":""},"class_list":["post-3009","page","type-page","status-publish","hentry"],"yoast_head":"<!-- This site is optimized with the Yoast SEO plugin v27.3 - https:\/\/yoast.com\/product\/yoast-seo-wordpress\/ -->\n<title>Etude de cas Vendee Habitat - Eyako - L&#039;outil du RSSI<\/title>\n<meta name=\"robots\" content=\"index, follow, max-snippet:-1, max-image-preview:large, max-video-preview:-1\" \/>\n<link rel=\"canonical\" href=\"https:\/\/www.eyako.fr\/index.php\/etude-de-cas-vendee-habitat\/\" \/>\n<meta property=\"og:locale\" content=\"fr_FR\" \/>\n<meta property=\"og:type\" content=\"article\" \/>\n<meta property=\"og:title\" content=\"Etude de cas Vendee Habitat - Eyako - L&#039;outil du RSSI\" \/>\n<meta property=\"og:description\" content=\"T\u00e9moignage Client : Vend\u00e9e Habitat Patrice Lambert &#8211; Responsable S\u00e9curit\u00e9 des Syst\u00e8mes d&rsquo;Information Le D\u00e9fi : Prot\u00e9ger 18 000 logements et leurs locataires En tant qu&rsquo;acteur majeur du logement social g\u00e9rant environ 18 000 unit\u00e9s de logement, la priorit\u00e9 absolue de Vend\u00e9e Habitat est claire : prot\u00e9ger les donn\u00e9es sensibles de ses locataires. Pour Patrice, [&hellip;]\" \/>\n<meta property=\"og:url\" content=\"https:\/\/www.eyako.fr\/index.php\/etude-de-cas-vendee-habitat\/\" \/>\n<meta property=\"og:site_name\" content=\"Eyako - L&#039;outil du RSSI\" \/>\n<meta property=\"article:publisher\" content=\"https:\/\/www.facebook.com\/eyakoSec\/\" \/>\n<meta property=\"article:modified_time\" content=\"2025-11-14T15:42:07+00:00\" \/>\n<meta property=\"og:image\" content=\"https:\/\/www.eyako.fr\/wp-content\/uploads\/2025\/11\/logoVH-300x169.png\" \/>\n<meta name=\"twitter:card\" content=\"summary_large_image\" \/>\n<meta name=\"twitter:label1\" content=\"Dur\u00e9e de lecture estim\u00e9e\" \/>\n\t<meta name=\"twitter:data1\" content=\"2 minutes\" \/>\n<script type=\"application\/ld+json\" class=\"yoast-schema-graph\">{\"@context\":\"https:\\\/\\\/schema.org\",\"@graph\":[{\"@type\":\"WebPage\",\"@id\":\"https:\\\/\\\/www.eyako.fr\\\/index.php\\\/etude-de-cas-vendee-habitat\\\/\",\"url\":\"https:\\\/\\\/www.eyako.fr\\\/index.php\\\/etude-de-cas-vendee-habitat\\\/\",\"name\":\"Etude de cas Vendee Habitat - Eyako - L&#039;outil du RSSI\",\"isPartOf\":{\"@id\":\"https:\\\/\\\/www.eyako.fr\\\/#website\"},\"primaryImageOfPage\":{\"@id\":\"https:\\\/\\\/www.eyako.fr\\\/index.php\\\/etude-de-cas-vendee-habitat\\\/#primaryimage\"},\"image\":{\"@id\":\"https:\\\/\\\/www.eyako.fr\\\/index.php\\\/etude-de-cas-vendee-habitat\\\/#primaryimage\"},\"thumbnailUrl\":\"https:\\\/\\\/www.eyako.fr\\\/wp-content\\\/uploads\\\/2025\\\/11\\\/logoVH-300x169.png\",\"datePublished\":\"2025-11-14T13:14:16+00:00\",\"dateModified\":\"2025-11-14T15:42:07+00:00\",\"breadcrumb\":{\"@id\":\"https:\\\/\\\/www.eyako.fr\\\/index.php\\\/etude-de-cas-vendee-habitat\\\/#breadcrumb\"},\"inLanguage\":\"fr-FR\",\"potentialAction\":[{\"@type\":\"ReadAction\",\"target\":[\"https:\\\/\\\/www.eyako.fr\\\/index.php\\\/etude-de-cas-vendee-habitat\\\/\"]}]},{\"@type\":\"ImageObject\",\"inLanguage\":\"fr-FR\",\"@id\":\"https:\\\/\\\/www.eyako.fr\\\/index.php\\\/etude-de-cas-vendee-habitat\\\/#primaryimage\",\"url\":\"https:\\\/\\\/www.eyako.fr\\\/wp-content\\\/uploads\\\/2025\\\/11\\\/logoVH.png\",\"contentUrl\":\"https:\\\/\\\/www.eyako.fr\\\/wp-content\\\/uploads\\\/2025\\\/11\\\/logoVH.png\",\"width\":1504,\"height\":847},{\"@type\":\"BreadcrumbList\",\"@id\":\"https:\\\/\\\/www.eyako.fr\\\/index.php\\\/etude-de-cas-vendee-habitat\\\/#breadcrumb\",\"itemListElement\":[{\"@type\":\"ListItem\",\"position\":1,\"name\":\"Accueil\",\"item\":\"https:\\\/\\\/www.eyako.fr\\\/\"},{\"@type\":\"ListItem\",\"position\":2,\"name\":\"Etude de cas Vendee Habitat\"}]},{\"@type\":\"WebSite\",\"@id\":\"https:\\\/\\\/www.eyako.fr\\\/#website\",\"url\":\"https:\\\/\\\/www.eyako.fr\\\/\",\"name\":\"Eyako - L'outil du RSSI\",\"description\":\"Security Made Simple\",\"publisher\":{\"@id\":\"https:\\\/\\\/www.eyako.fr\\\/#organization\"},\"potentialAction\":[{\"@type\":\"SearchAction\",\"target\":{\"@type\":\"EntryPoint\",\"urlTemplate\":\"https:\\\/\\\/www.eyako.fr\\\/?s={search_term_string}\"},\"query-input\":{\"@type\":\"PropertyValueSpecification\",\"valueRequired\":true,\"valueName\":\"search_term_string\"}}],\"inLanguage\":\"fr-FR\"},{\"@type\":\"Organization\",\"@id\":\"https:\\\/\\\/www.eyako.fr\\\/#organization\",\"name\":\"Eyako\",\"url\":\"https:\\\/\\\/www.eyako.fr\\\/\",\"logo\":{\"@type\":\"ImageObject\",\"inLanguage\":\"fr-FR\",\"@id\":\"https:\\\/\\\/www.eyako.fr\\\/#\\\/schema\\\/logo\\\/image\\\/\",\"url\":\"https:\\\/\\\/www.eyako.fr\\\/wp-content\\\/uploads\\\/2020\\\/10\\\/LOGO-EYAKO-VERTICAL-02.png\",\"contentUrl\":\"https:\\\/\\\/www.eyako.fr\\\/wp-content\\\/uploads\\\/2020\\\/10\\\/LOGO-EYAKO-VERTICAL-02.png\",\"width\":2084,\"height\":548,\"caption\":\"Eyako\"},\"image\":{\"@id\":\"https:\\\/\\\/www.eyako.fr\\\/#\\\/schema\\\/logo\\\/image\\\/\"},\"sameAs\":[\"https:\\\/\\\/www.facebook.com\\\/eyakoSec\\\/\",\"https:\\\/\\\/re.linkedin.com\\\/company\\\/eyako\"]}]}<\/script>\n<!-- \/ Yoast SEO plugin. -->","yoast_head_json":{"title":"Etude de cas Vendee Habitat - Eyako - L&#039;outil du RSSI","robots":{"index":"index","follow":"follow","max-snippet":"max-snippet:-1","max-image-preview":"max-image-preview:large","max-video-preview":"max-video-preview:-1"},"canonical":"https:\/\/www.eyako.fr\/index.php\/etude-de-cas-vendee-habitat\/","og_locale":"fr_FR","og_type":"article","og_title":"Etude de cas Vendee Habitat - Eyako - L&#039;outil du RSSI","og_description":"T\u00e9moignage Client : Vend\u00e9e Habitat Patrice Lambert &#8211; Responsable S\u00e9curit\u00e9 des Syst\u00e8mes d&rsquo;Information Le D\u00e9fi : Prot\u00e9ger 18 000 logements et leurs locataires En tant qu&rsquo;acteur majeur du logement social g\u00e9rant environ 18 000 unit\u00e9s de logement, la priorit\u00e9 absolue de Vend\u00e9e Habitat est claire : prot\u00e9ger les donn\u00e9es sensibles de ses locataires. Pour Patrice, [&hellip;]","og_url":"https:\/\/www.eyako.fr\/index.php\/etude-de-cas-vendee-habitat\/","og_site_name":"Eyako - L&#039;outil du RSSI","article_publisher":"https:\/\/www.facebook.com\/eyakoSec\/","article_modified_time":"2025-11-14T15:42:07+00:00","og_image":[{"url":"https:\/\/www.eyako.fr\/wp-content\/uploads\/2025\/11\/logoVH-300x169.png","type":"","width":"","height":""}],"twitter_card":"summary_large_image","twitter_misc":{"Dur\u00e9e de lecture estim\u00e9e":"2 minutes"},"schema":{"@context":"https:\/\/schema.org","@graph":[{"@type":"WebPage","@id":"https:\/\/www.eyako.fr\/index.php\/etude-de-cas-vendee-habitat\/","url":"https:\/\/www.eyako.fr\/index.php\/etude-de-cas-vendee-habitat\/","name":"Etude de cas Vendee Habitat - Eyako - L&#039;outil du RSSI","isPartOf":{"@id":"https:\/\/www.eyako.fr\/#website"},"primaryImageOfPage":{"@id":"https:\/\/www.eyako.fr\/index.php\/etude-de-cas-vendee-habitat\/#primaryimage"},"image":{"@id":"https:\/\/www.eyako.fr\/index.php\/etude-de-cas-vendee-habitat\/#primaryimage"},"thumbnailUrl":"https:\/\/www.eyako.fr\/wp-content\/uploads\/2025\/11\/logoVH-300x169.png","datePublished":"2025-11-14T13:14:16+00:00","dateModified":"2025-11-14T15:42:07+00:00","breadcrumb":{"@id":"https:\/\/www.eyako.fr\/index.php\/etude-de-cas-vendee-habitat\/#breadcrumb"},"inLanguage":"fr-FR","potentialAction":[{"@type":"ReadAction","target":["https:\/\/www.eyako.fr\/index.php\/etude-de-cas-vendee-habitat\/"]}]},{"@type":"ImageObject","inLanguage":"fr-FR","@id":"https:\/\/www.eyako.fr\/index.php\/etude-de-cas-vendee-habitat\/#primaryimage","url":"https:\/\/www.eyako.fr\/wp-content\/uploads\/2025\/11\/logoVH.png","contentUrl":"https:\/\/www.eyako.fr\/wp-content\/uploads\/2025\/11\/logoVH.png","width":1504,"height":847},{"@type":"BreadcrumbList","@id":"https:\/\/www.eyako.fr\/index.php\/etude-de-cas-vendee-habitat\/#breadcrumb","itemListElement":[{"@type":"ListItem","position":1,"name":"Accueil","item":"https:\/\/www.eyako.fr\/"},{"@type":"ListItem","position":2,"name":"Etude de cas Vendee Habitat"}]},{"@type":"WebSite","@id":"https:\/\/www.eyako.fr\/#website","url":"https:\/\/www.eyako.fr\/","name":"Eyako - L'outil du RSSI","description":"Security Made Simple","publisher":{"@id":"https:\/\/www.eyako.fr\/#organization"},"potentialAction":[{"@type":"SearchAction","target":{"@type":"EntryPoint","urlTemplate":"https:\/\/www.eyako.fr\/?s={search_term_string}"},"query-input":{"@type":"PropertyValueSpecification","valueRequired":true,"valueName":"search_term_string"}}],"inLanguage":"fr-FR"},{"@type":"Organization","@id":"https:\/\/www.eyako.fr\/#organization","name":"Eyako","url":"https:\/\/www.eyako.fr\/","logo":{"@type":"ImageObject","inLanguage":"fr-FR","@id":"https:\/\/www.eyako.fr\/#\/schema\/logo\/image\/","url":"https:\/\/www.eyako.fr\/wp-content\/uploads\/2020\/10\/LOGO-EYAKO-VERTICAL-02.png","contentUrl":"https:\/\/www.eyako.fr\/wp-content\/uploads\/2020\/10\/LOGO-EYAKO-VERTICAL-02.png","width":2084,"height":548,"caption":"Eyako"},"image":{"@id":"https:\/\/www.eyako.fr\/#\/schema\/logo\/image\/"},"sameAs":["https:\/\/www.facebook.com\/eyakoSec\/","https:\/\/re.linkedin.com\/company\/eyako"]}]}},"_links":{"self":[{"href":"https:\/\/www.eyako.fr\/index.php\/wp-json\/wp\/v2\/pages\/3009","targetHints":{"allow":["GET"]}}],"collection":[{"href":"https:\/\/www.eyako.fr\/index.php\/wp-json\/wp\/v2\/pages"}],"about":[{"href":"https:\/\/www.eyako.fr\/index.php\/wp-json\/wp\/v2\/types\/page"}],"author":[{"embeddable":true,"href":"https:\/\/www.eyako.fr\/index.php\/wp-json\/wp\/v2\/users\/1"}],"replies":[{"embeddable":true,"href":"https:\/\/www.eyako.fr\/index.php\/wp-json\/wp\/v2\/comments?post=3009"}],"version-history":[{"count":8,"href":"https:\/\/www.eyako.fr\/index.php\/wp-json\/wp\/v2\/pages\/3009\/revisions"}],"predecessor-version":[{"id":3021,"href":"https:\/\/www.eyako.fr\/index.php\/wp-json\/wp\/v2\/pages\/3009\/revisions\/3021"}],"wp:attachment":[{"href":"https:\/\/www.eyako.fr\/index.php\/wp-json\/wp\/v2\/media?parent=3009"}],"curies":[{"name":"wp","href":"https:\/\/api.w.org\/{rel}","templated":true}]}}